{"id":110,"date":"2018-06-11T22:04:28","date_gmt":"2018-06-11T20:04:28","guid":{"rendered":"http:\/\/cieagathe.ch\/?page_id=110"},"modified":"2025-10-27T20:43:39","modified_gmt":"2025-10-27T19:43:39","slug":"accueil1","status":"publish","type":"page","link":"https:\/\/cieagathe.ch\/","title":{"rendered":"REPRESENTATIONS"},"content":{"rendered":"\n<h2 class=\"wp-block-heading has-text-align-center\">REPRESENTATIONS PASSEES<\/h2>\n\n\n\n<h2 class=\"wp-block-heading has-text-align-center\"><strong>Histoires de Zinc &#8211; 2025<\/strong><\/h2>\n\n\n\n<figure class=\"wp-block-embed is-type-video is-provider-youtube wp-block-embed-youtube wp-embed-aspect-16-9 wp-has-aspect-ratio\"><div class=\"wp-block-embed__wrapper\">\n<iframe loading=\"lazy\" title=\"Histoires de Zinc - Compagnie Agathe et Th\u00e9\u00e2tre ABC, 2025\" width=\"710\" height=\"399\" src=\"https:\/\/www.youtube.com\/embed\/1usQvtT5hWU?feature=oembed\" frameborder=\"0\" allow=\"accelerometer; autoplay; clipboard-write; encrypted-media; gyroscope; picture-in-picture; web-share\" referrerpolicy=\"strict-origin-when-cross-origin\" allowfullscreen><\/iframe>\n<\/div><\/figure>\n\n\n<div class=\"wp-block-image\">\n<figure class=\"aligncenter size-large is-resized\"><img loading=\"lazy\" decoding=\"async\" width=\"730\" height=\"1024\" src=\"https:\/\/cieagathe.ch\/wp-content\/uploads\/2025\/05\/CieAgathe_Zinc2025_flyerA5_crowdfunding_250426-copie-730x1024.png\" alt=\"\" class=\"wp-image-246\" style=\"width:576px;height:auto\" srcset=\"https:\/\/cieagathe.ch\/wp-content\/uploads\/2025\/05\/CieAgathe_Zinc2025_flyerA5_crowdfunding_250426-copie-730x1024.png 730w, https:\/\/cieagathe.ch\/wp-content\/uploads\/2025\/05\/CieAgathe_Zinc2025_flyerA5_crowdfunding_250426-copie-214x300.png 214w, https:\/\/cieagathe.ch\/wp-content\/uploads\/2025\/05\/CieAgathe_Zinc2025_flyerA5_crowdfunding_250426-copie-768x1077.png 768w, https:\/\/cieagathe.ch\/wp-content\/uploads\/2025\/05\/CieAgathe_Zinc2025_flyerA5_crowdfunding_250426-copie-1095x1536.png 1095w, https:\/\/cieagathe.ch\/wp-content\/uploads\/2025\/05\/CieAgathe_Zinc2025_flyerA5_crowdfunding_250426-copie-1460x2048.png 1460w, https:\/\/cieagathe.ch\/wp-content\/uploads\/2025\/05\/CieAgathe_Zinc2025_flyerA5_crowdfunding_250426-copie-scaled.png 1825w\" sizes=\"auto, (max-width: 730px) 100vw, 730px\" \/><\/figure><\/div>\n\n\n<hr class=\"wp-block-separator has-alpha-channel-opacity is-style-wide\"\/>\n\n\n\n<h2 class=\"wp-block-heading has-text-align-center\"><strong>Echafaudage &#8211; 2023<\/strong><\/h2>\n\n\n<div class=\"wp-block-image\">\n<figure class=\"aligncenter size-large\"><img loading=\"lazy\" decoding=\"async\" width=\"576\" height=\"1024\" src=\"http:\/\/cieagathe.ch\/wp-content\/uploads\/2023\/06\/Echafaudage-Moutier-576x1024.jpg\" alt=\"\" class=\"wp-image-238\" srcset=\"https:\/\/cieagathe.ch\/wp-content\/uploads\/2023\/06\/Echafaudage-Moutier-576x1024.jpg 576w, https:\/\/cieagathe.ch\/wp-content\/uploads\/2023\/06\/Echafaudage-Moutier-169x300.jpg 169w, https:\/\/cieagathe.ch\/wp-content\/uploads\/2023\/06\/Echafaudage-Moutier-768x1365.jpg 768w, https:\/\/cieagathe.ch\/wp-content\/uploads\/2023\/06\/Echafaudage-Moutier-864x1536.jpg 864w, https:\/\/cieagathe.ch\/wp-content\/uploads\/2023\/06\/Echafaudage-Moutier-1152x2048.jpg 1152w, https:\/\/cieagathe.ch\/wp-content\/uploads\/2023\/06\/Echafaudage-Moutier-scaled.jpg 1440w\" sizes=\"auto, (max-width: 576px) 100vw, 576px\" \/><\/figure><\/div>\n\n\n<h1 class=\"wp-block-heading has-text-align-left has-white-color has-vivid-red-background-color has-text-color has-background has-medium-font-size\" style=\"font-style:normal;font-weight:500;text-transform:uppercase\"><strong>Vendredi 30 juin 2023 &#8211; Au festival du Stand d&rsquo;\u00e9t\u00e9 \u00e0 Moutier<\/strong><\/h1>\n\n\n\n<h1 class=\"wp-block-heading has-black-color has-white-background-color has-text-color has-background has-medium-font-size\"><strong>Ouverture des portes \u00e0 19h30 &#8211; Repr\u00e9sentation \u00e0 20h00<\/strong> \/ Lieu : Salle du Stand &#8211; Rue du Nord 25 &#8211; 2740 Moutier<\/h1>\n\n\n\n<p id=\"block-19e2425b-3705-4e68-b7e1-79e1cc49614f\"><strong> Billetterie sur cette page du site du festival<\/strong> : <strong><a href=\"https:\/\/standete.ch\/echafaudage\/\">https:\/\/standete.ch\/echafaudage\/<\/a><\/strong><\/p>\n\n\n\n<figure class=\"wp-block-image\" id=\"block-a36b41db-829b-405e-8a4b-7edeee7afba0\"><img decoding=\"async\" src=\"http:\/\/cieagathe.ch\/wp-content\/uploads\/2023\/05\/Echafaudage-Moutier-page--1024x509.png\" alt=\"L\u2019attribut alt de cette image est vide, son nom de fichier est Echafaudage-Moutier-page--1024x509.png.\"\/><\/figure>\n\n\n\n<figure class=\"wp-block-image\" id=\"block-4158ac62-11dc-4473-82bc-0c61cadc955e\"><img decoding=\"async\" src=\"https:\/\/cieagathe.ch\/wp-content\/uploads\/2023\/05\/Echafaudage-Moutier-page-2--1024x386.png\" alt=\"L\u2019attribut alt de cette image est vide, son nom de fichier est Echafaudage-Moutier-page-2--1024x386.png.\"\/><\/figure>\n\n\n\n<p>\ufeff<\/p>\n\n\n<h1>Repr\u00e9sentation dimanche 30 avril \u00e0 17h au temple de Peseux<\/h1>\n<p><img loading=\"lazy\" decoding=\"async\" class=\"alignnone size-medium wp-image-206\" src=\"http:\/\/cieagathe.ch\/wp-content\/uploads\/2023\/04\/Concert-30-juin-2023-Peseux-2-212x300.png\" alt=\"\" width=\"212\" height=\"300\" srcset=\"https:\/\/cieagathe.ch\/wp-content\/uploads\/2023\/04\/Concert-30-juin-2023-Peseux-2-212x300.png 212w, https:\/\/cieagathe.ch\/wp-content\/uploads\/2023\/04\/Concert-30-juin-2023-Peseux-2-768x1086.png 768w, https:\/\/cieagathe.ch\/wp-content\/uploads\/2023\/04\/Concert-30-juin-2023-Peseux-2-724x1024.png 724w, https:\/\/cieagathe.ch\/wp-content\/uploads\/2023\/04\/Concert-30-juin-2023-Peseux-2.png 1587w\" sizes=\"auto, (max-width: 212px) 100vw, 212px\" \/><\/p>\n<p style=\"text-align: center;\">La compagnie Agathe, fond\u00e9e en 2005 par Mme Rachel Fl\u00fchmann, a cr\u00e9\u00e9 et soutient l\u2019Atelier Lyrique de la Chaux-de-Fonds. Cet ensemble se produit dans divers spectacles et concerts depuis 2006.Orient\u00e9 vers la musique classique (Purcell, Mozart, entre autres). l\u2019Atelier a progressivement \u00e9largi son r\u00e9pertoire vers des oeuvres plus modernes (jazz, chanson fran\u00e7aise)<\/p>\n<hr>\n<h6 style=\"text-align: left;\"><strong><a href=\"http:\/\/cieagathe.ch\/wp-content\/uploads\/2022\/03\/Afechafau1rgb.jpg\"><img loading=\"lazy\" decoding=\"async\" class=\"wp-image-198 size-medium alignleft\" src=\"http:\/\/cieagathe.ch\/wp-content\/uploads\/2022\/03\/Afechafau1rgb-212x300.jpg\" alt=\"\" width=\"212\" height=\"300\" srcset=\"https:\/\/cieagathe.ch\/wp-content\/uploads\/2022\/03\/Afechafau1rgb-212x300.jpg 212w, https:\/\/cieagathe.ch\/wp-content\/uploads\/2022\/03\/Afechafau1rgb-768x1086.jpg 768w, https:\/\/cieagathe.ch\/wp-content\/uploads\/2022\/03\/Afechafau1rgb-724x1024.jpg 724w\" sizes=\"auto, (max-width: 212px) 100vw, 212px\" \/><\/a>La Cie Agathe pr\u00e9sente sa nouvelle cr\u00e9ation 2022 en co-production avec le centre de culture ABC<\/strong><\/h6>\n<h6 style=\"text-align: left;\"><strong style=\"color: #800000; font-size: 24px; text-decoration-line: underline;\">ECHAFAUDAGE<\/strong><\/h6>\n<h4 style=\"text-align: left;\">&nbsp;<\/h4>\n<\/p>\n<p>Teaser du nouveau spectacle \u00ab\u00a0ECHAFAUDAGE\u00a0\u00bb<\/p>\n<p><iframe loading=\"lazy\" title=\"Echafaudage ! Teaser\" width=\"710\" height=\"399\" src=\"https:\/\/www.youtube.com\/embed\/joZknhSkogk?feature=oembed\" frameborder=\"0\" allow=\"accelerometer; autoplay; clipboard-write; encrypted-media; gyroscope; picture-in-picture; web-share\" referrerpolicy=\"strict-origin-when-cross-origin\" allowfullscreen><\/iframe><\/p>\n<h4 style=\"text-align: left;\">&nbsp;<\/h4>\n<h6 style=\"text-align: left;\">&nbsp;<\/h6>\n<\/p>\n<hr>\n<p><a role=\"button\" href=\"http:\/\/cieagathe.ch\/index.php\/2018\/06\/11\/bonjour-tout-le-monde\/\" target=\"_blank\" rel=\"noopener\"><br \/>flash back \u00ab\u00a0VOCES MOVENTES\u00a0\u00bb<\/a><\/p>\n<p><iframe loading=\"lazy\" title=\"TRAILER &quot;VOCES MOVENTES&quot; Rachel Fl\u00fchmann | Steve Kuenzi\" width=\"710\" height=\"399\" src=\"https:\/\/www.youtube.com\/embed\/lI8Kti5KW30?feature=oembed\" frameborder=\"0\" allow=\"accelerometer; autoplay; clipboard-write; encrypted-media; gyroscope; picture-in-picture; web-share\" referrerpolicy=\"strict-origin-when-cross-origin\" allowfullscreen><\/iframe><\/p>\n<figure class=\"gallery-item\"><a href=\"http:\/\/cieagathe.ch\/wp-content\/uploads\/2018\/06\/rach3.jpg\" data-elementor-open-lightbox=\"default\" data-elementor-lightbox-slideshow=\"6337e6e\"><img loading=\"lazy\" decoding=\"async\" class=\"alignleft\" src=\"http:\/\/cieagathe.ch\/wp-content\/uploads\/2018\/06\/rach3-150x150.jpg\" sizes=\"auto, (max-width: 150px) 100vw, 150px\" srcset=\"https:\/\/cieagathe.ch\/wp-content\/uploads\/2018\/06\/rach3-150x150.jpg 150w, https:\/\/cieagathe.ch\/wp-content\/uploads\/2018\/06\/rach3-230x230.jpg 230w, https:\/\/cieagathe.ch\/wp-content\/uploads\/2018\/06\/rach3-330x330.jpg 330w\" alt=\"\" width=\"150\" height=\"150\"><\/a><a href=\"http:\/\/cieagathe.ch\/wp-content\/uploads\/2018\/06\/rach2.jpg\" data-elementor-open-lightbox=\"default\" data-elementor-lightbox-slideshow=\"6337e6e\"><img loading=\"lazy\" decoding=\"async\" class=\"alignleft\" src=\"http:\/\/cieagathe.ch\/wp-content\/uploads\/2018\/06\/rach2-150x150.jpg\" sizes=\"auto, (max-width: 150px) 100vw, 150px\" srcset=\"https:\/\/cieagathe.ch\/wp-content\/uploads\/2018\/06\/rach2-150x150.jpg 150w, https:\/\/cieagathe.ch\/wp-content\/uploads\/2018\/06\/rach2-230x230.jpg 230w, https:\/\/cieagathe.ch\/wp-content\/uploads\/2018\/06\/rach2-330x330.jpg 330w\" alt=\"\" width=\"150\" height=\"150\"><\/a><a href=\"http:\/\/cieagathe.ch\/wp-content\/uploads\/2018\/06\/RACHEL2.jpg\" data-elementor-open-lightbox=\"default\" data-elementor-lightbox-slideshow=\"6337e6e\"><img loading=\"lazy\" decoding=\"async\" class=\"alignleft\" src=\"http:\/\/cieagathe.ch\/wp-content\/uploads\/2018\/06\/RACHEL2-150x150.jpg\" sizes=\"auto, (max-width: 150px) 100vw, 150px\" srcset=\"https:\/\/cieagathe.ch\/wp-content\/uploads\/2018\/06\/RACHEL2-150x150.jpg 150w, https:\/\/cieagathe.ch\/wp-content\/uploads\/2018\/06\/RACHEL2-230x230.jpg 230w, https:\/\/cieagathe.ch\/wp-content\/uploads\/2018\/06\/RACHEL2-330x330.jpg 330w\" alt=\"\" width=\"150\" height=\"150\"><\/a><a href=\"http:\/\/cieagathe.ch\/wp-content\/uploads\/2018\/06\/rach4.jpg\" data-elementor-open-lightbox=\"default\" data-elementor-lightbox-slideshow=\"6337e6e\"><img loading=\"lazy\" decoding=\"async\" class=\"alignleft\" src=\"http:\/\/cieagathe.ch\/wp-content\/uploads\/2018\/06\/rach4-150x150.jpg\" sizes=\"auto, (max-width: 150px) 100vw, 150px\" srcset=\"https:\/\/cieagathe.ch\/wp-content\/uploads\/2018\/06\/rach4-150x150.jpg 150w, https:\/\/cieagathe.ch\/wp-content\/uploads\/2018\/06\/rach4-230x230.jpg 230w, https:\/\/cieagathe.ch\/wp-content\/uploads\/2018\/06\/rach4-330x330.jpg 330w\" alt=\"\" width=\"150\" height=\"150\"><\/a><\/figure>\n<figure class=\"gallery-item\"><\/figure>\n<figure class=\"gallery-item\"><\/figure>\n<figure class=\"gallery-item\"><\/figure>","protected":false},"excerpt":{"rendered":"<p>REPRESENTATIONS PASSEES Histoires de Zinc &#8211; 2025 Echafaudage &#8211; 2023 Vendredi 30 juin 2023 &#8211; Au festival du Stand d&rsquo;\u00e9t\u00e9 \u00e0 Moutier Ouverture des portes \u00e0 19h30 &#8211; Repr\u00e9sentation \u00e0 20h00 \/ Lieu : Salle du Stand &#8211; Rue du<\/p>\n","protected":false},"author":1,"featured_media":0,"parent":0,"menu_order":0,"comment_status":"closed","ping_status":"closed","template":"","meta":{"footnotes":""},"class_list":["post-110","page","type-page","status-publish","hentry"],"_links":{"self":[{"href":"https:\/\/cieagathe.ch\/index.php\/wp-json\/wp\/v2\/pages\/110","targetHints":{"allow":["GET"]}}],"collection":[{"href":"https:\/\/cieagathe.ch\/index.php\/wp-json\/wp\/v2\/pages"}],"about":[{"href":"https:\/\/cieagathe.ch\/index.php\/wp-json\/wp\/v2\/types\/page"}],"author":[{"embeddable":true,"href":"https:\/\/cieagathe.ch\/index.php\/wp-json\/wp\/v2\/users\/1"}],"replies":[{"embeddable":true,"href":"https:\/\/cieagathe.ch\/index.php\/wp-json\/wp\/v2\/comments?post=110"}],"version-history":[{"count":37,"href":"https:\/\/cieagathe.ch\/index.php\/wp-json\/wp\/v2\/pages\/110\/revisions"}],"predecessor-version":[{"id":252,"href":"https:\/\/cieagathe.ch\/index.php\/wp-json\/wp\/v2\/pages\/110\/revisions\/252"}],"wp:attachment":[{"href":"https:\/\/cieagathe.ch\/index.php\/wp-json\/wp\/v2\/media?parent=110"}],"curies":[{"name":"wp","href":"https:\/\/api.w.org\/{rel}","templated":true}]}}