{"id":128,"date":"2018-06-12T01:03:59","date_gmt":"2018-06-11T23:03:59","guid":{"rendered":"http:\/\/cieagathe.ch\/?page_id=128"},"modified":"2022-02-07T23:47:40","modified_gmt":"2022-02-07T22:47:40","slug":"elementor-128","status":"publish","type":"page","link":"https:\/\/cieagathe.ch\/index.php\/elementor-128\/","title":{"rendered":"Steve k\u00fcenzi"},"content":{"rendered":"<h2><a href=\"http:\/\/cieagathe.ch\/wp-content\/uploads\/2022\/02\/SV-94.jpg\"><img loading=\"lazy\" decoding=\"async\" class=\"size-medium wp-image-179 alignleft\" src=\"http:\/\/cieagathe.ch\/wp-content\/uploads\/2022\/02\/SV-94-200x300.jpg\" alt=\"\" width=\"200\" height=\"300\" srcset=\"https:\/\/cieagathe.ch\/wp-content\/uploads\/2022\/02\/SV-94-200x300.jpg 200w, https:\/\/cieagathe.ch\/wp-content\/uploads\/2022\/02\/SV-94-768x1152.jpg 768w, https:\/\/cieagathe.ch\/wp-content\/uploads\/2022\/02\/SV-94-683x1024.jpg 683w, https:\/\/cieagathe.ch\/wp-content\/uploads\/2022\/02\/SV-94.jpg 2000w\" sizes=\"auto, (max-width: 200px) 100vw, 200px\" \/><\/a>STEVE KUENZI<\/h2>\n<p style=\"text-align: justify;\">Danseur de rue autodidacte \u00e0 la base, il a commenc\u00e9 \u00e0 danser (B-boying) en 1993. Par la suite, il a rejoint la CDF Breaker\u2019s groupe pionnier de la culture Hip Hop \u00e0 Chaux-de-Fonds, (Suisse). Avec ce groupe, il fait ses premi\u00e8res exp\u00e9riences de la sc\u00e8ne de hip-hop underground et ces premiers spectacles et battles. Par la suite, il participe \u00e0 de nombreux projets li\u00e9s \u00e0 la danse (cr\u00e9ations, performances, shows, events, Battles, shows TV \u2026.). Actuellement, danseur, professeur et chor\u00e9graphe, il voyage au maximum (USA, France, Italie, Allemagne, Espagne, Cuba, Br\u00e9sil, Belgique \u2026) pour danser, s\u2019am\u00e9liorer, approfondir et partager ses connaissances.<\/p>\n<ul style=\"text-align: justify;\">\n<li>Directeur artistique et chor\u00e9graphe de la Cie \u00ab\u00a0PARADOXE\u00a0\u00bb, depuis 2008.<\/li>\n<li>Danseur et chor\u00e9graphe de la Cie P3 Crew, France\/Suisse,\u00a0depuis 2010 (www.pthreecrew.com).<\/li>\n<li>Danseur pour l\u2019artiste CEE-ROO pour diverses dates en Suisse et \u00e0 l\u2019\u00e9tranger, depuis 2016<\/li>\n<li>Chor\u00e9graphe et danseur pour la revue satirique neuch\u00e2teloise \u00ab\u00a0La D\u00e9charche\u00a0\u00bb, depuis 2008 (decharge.ch)<\/li>\n<li>Danseur pour la Cie Stylize, dans la cr\u00e9ation \u00ab\u00a0Outside the boxe\u00a0\u00bb, Zurich, 2012<\/li>\n<li>Danseur pour le Ballet-th\u00e9\u00e2tre Manu Accard, dans la cr\u00e9ation \u00ab\u00a0Coeur d\u2019Hommes\u00a0\u00bb, direction artistique: Manu Accard, pour diverses dates en Suisse et \u00e0 l\u2019\u00e9tranger 2009-2011.<\/li>\n<li>Danseur pour le Ballet-th\u00e9\u00e2tre Manu Accard, dans les cr\u00e9ations \u00ab\u00a0Mirrors\u00a0\u00bb et \u00ab\u00a0Characters versus Charicatures\u00a0\u00bb, Chor\u00e9graphie de Jaime Rogers (USA), 2010.<\/li>\n<li>Danseur de la Cie \u00ab\u00a0Magda L\u00e9on\u00a0\u00bb dans les cr\u00e9ations \u00ab\u00a0Il existe, extistence\u00a0\u00bb, 2008, \u00ab\u00a0Servez-moi la lune\u00a0\u00bb, 2009 et\u00a0 \u00ab\u00a0Fusion-D\u00e9fusion\u00a0\u00bb, 2010, direction artistique Romina Stifani.<\/li>\n<li>Danseur pour la Cie Salsa n\u2019co, dans la cr\u00e9ation \u00ab\u00a0Cuba nostra\u00a0\u00bb, Suisse, 2004 ainsi que pour diverses dates en Suisse et \u00e0 l\u2019\u00e9tranger (Italie, B\u00e9lgique), 2004-2007.<\/li>\n<li>co-directeur de l&rsquo;\u00e9cole GESTE espace danse depuis 2004 (gestedanse.ch).<\/li>\n<\/ul>\n<p style=\"text-align: justify;\">T\u00e9l\u00e9vision et radio : Talentos da Terra, Fortaleza, Br\u00e9sil, 2001. Festival du rire de Montreux, \u00ab\u00a0Ce grand gars-l\u00e0\u00a0\u00bb, 2008. Tsr 1, tsr 2, Canal alpha, Suisse 4.<\/p>\n<p style=\"text-align: justify;\">Enseignements:<\/p>\n<p style=\"text-align: justify;\">Kingsley studio, salsa international, Fazil studio (Usa), R\u00e9sodanse-station, Columbo dance Factory, M und M Studio, Backstage studio, Giant Studio, Art\u00e9 danse, Geste espace danse, New dance academy, ledge danceschool, Funky dance school, Collectif danse, Dance All, l\u2019\u00e9cole pro-dance, Vertigo-diffusion, les \u00e9coles publiques, les centres de loisirs, Funkydance convention, (Suisse), Black Moon, Ecole de danse Instinct (France), le centre culturel sheuman (Alsace)\u2026<\/p>\n<p style=\"text-align: justify;\">Events\/Festival:<\/p>\n<p style=\"text-align: justify;\">La biennale de Venise (Italie), Festival les Georges (Suisse), Festival danse urbaine (Canteleu), Quality street finest (Paris), Vivre La Chaux-de-Fonds, Banque UBS, Banque Raifeisen, L\u2019acad\u00e9mie ABC (Br\u00e9sil), Dickoptique, Metalor, Auto capital, Bulgari, Capa-cit\u00e9, L\u2019organisation Hip hop international,\u00a0 l\u2019organisation IDO, JDS events, R\u00e9sodanse, Danses et visuels, Ledge production, Exit club, Latin Mania, El barrio Latino, le championnat d\u2019Europe de bodyboard, Magic Club, la Rotonde club, le Grand casino de Gen\u00e8ve, le th\u00e9\u00e2tre du passage, Dance contest, Vertigo-diffusion, Festival au-del\u00e0 des pr\u00e9jug\u00e9s, Festival adn, Festival antilope (Suisse), etc\u2026.<\/p>\n<p>&nbsp;<\/p>\n<p>Le chemin de chaque personne est relativement diff\u00e9rent, mais demeure fondamentalement li\u00e9 aux chemins d\u2019autres et des autres.<\/p>\n<p>Chacun recherche \u2013 \u00e0 l\u2019aide de son origine, de son identit\u00e9, de ses croyances, de sa fa\u00e7on de vivre et de ses \u00e9motions \u2013 une sorte de guide pour trouver sa voie et construire ses convictions.<\/p>\n<p>Chacun ressent qu\u2019il est une personne unique, absolument diff\u00e9rente de toutes les autres, mais ressent en m\u00eame temps que ceci repr\u00e9sente sa plus grande similitude d\u2019avec ses pairs :<\/p>\n<p><strong>\u00ab nous sommes tous les m\u00eames puisque nous sommes tous diff\u00e9rents \u00bb.<\/strong><\/p>\n","protected":false},"excerpt":{"rendered":"<p>STEVE KUENZI Danseur de rue autodidacte \u00e0 la base, il a commenc\u00e9 \u00e0 danser (B-boying) en 1993. Par la suite, il a rejoint la CDF Breaker\u2019s groupe pionnier de la culture Hip Hop \u00e0 Chaux-de-Fonds, (Suisse). Avec ce groupe, il<\/p>\n","protected":false},"author":1,"featured_media":0,"parent":0,"menu_order":0,"comment_status":"closed","ping_status":"closed","template":"","meta":{"footnotes":""},"class_list":["post-128","page","type-page","status-publish","hentry"],"_links":{"self":[{"href":"https:\/\/cieagathe.ch\/index.php\/wp-json\/wp\/v2\/pages\/128","targetHints":{"allow":["GET"]}}],"collection":[{"href":"https:\/\/cieagathe.ch\/index.php\/wp-json\/wp\/v2\/pages"}],"about":[{"href":"https:\/\/cieagathe.ch\/index.php\/wp-json\/wp\/v2\/types\/page"}],"author":[{"embeddable":true,"href":"https:\/\/cieagathe.ch\/index.php\/wp-json\/wp\/v2\/users\/1"}],"replies":[{"embeddable":true,"href":"https:\/\/cieagathe.ch\/index.php\/wp-json\/wp\/v2\/comments?post=128"}],"version-history":[{"count":6,"href":"https:\/\/cieagathe.ch\/index.php\/wp-json\/wp\/v2\/pages\/128\/revisions"}],"predecessor-version":[{"id":182,"href":"https:\/\/cieagathe.ch\/index.php\/wp-json\/wp\/v2\/pages\/128\/revisions\/182"}],"wp:attachment":[{"href":"https:\/\/cieagathe.ch\/index.php\/wp-json\/wp\/v2\/media?parent=128"}],"curies":[{"name":"wp","href":"https:\/\/api.w.org\/{rel}","templated":true}]}}